{"id":59,"date":"2013-05-24T18:17:34","date_gmt":"2013-05-24T18:17:34","guid":{"rendered":"http:\/\/gregor.frystacko.cz\/?page_id=59"},"modified":"2013-06-18T12:10:01","modified_gmt":"2013-06-18T12:10:01","slug":"vyroba-a-prodej","status":"publish","type":"page","link":"https:\/\/gregor.frystacko.cz\/?page_id=59","title":{"rendered":"v\u00fdroba a prodej"},"content":{"rendered":"<p>kontaktn\u00ed email : radekgregor@seznam.cz<\/p>\n<p>telefon : 725 742 217<\/p>\n<p>&nbsp;<\/p>\n<p><a href=\"http:\/\/gregor.frystacko.cz\/?p=215\">Sbach 300 &#8211; rozsyp<\/a><\/p>\n<p><a href=\"http:\/\/gregor.frystacko.cz\/?p=248\">Vzduchov\u00fd filtr <\/a><\/p>\n<p><a href=\"http:\/\/gregor.frystacko.cz\/?p=257\">Zadn\u00ed \u0159iditeln\u00e1 ostruha<\/a><\/p>\n","protected":false},"excerpt":{"rendered":"<p>kontaktn\u00ed email : radekgregor@seznam.cz telefon : 725 742 217 &nbsp; Sbach 300 &#8211; rozsyp Vzduchov\u00fd filtr Zadn\u00ed \u0159iditeln\u00e1 ostruha<\/p>\n","protected":false},"author":2,"featured_media":0,"parent":0,"menu_order":0,"comment_status":"closed","ping_status":"closed","template":"","meta":{"footnotes":""},"class_list":["post-59","page","type-page","status-publish","hentry"],"_links":{"self":[{"href":"https:\/\/gregor.frystacko.cz\/index.php?rest_route=\/wp\/v2\/pages\/59","targetHints":{"allow":["GET"]}}],"collection":[{"href":"https:\/\/gregor.frystacko.cz\/index.php?rest_route=\/wp\/v2\/pages"}],"about":[{"href":"https:\/\/gregor.frystacko.cz\/index.php?rest_route=\/wp\/v2\/types\/page"}],"author":[{"embeddable":true,"href":"https:\/\/gregor.frystacko.cz\/index.php?rest_route=\/wp\/v2\/users\/2"}],"replies":[{"embeddable":true,"href":"https:\/\/gregor.frystacko.cz\/index.php?rest_route=%2Fwp%2Fv2%2Fcomments&post=59"}],"version-history":[{"count":6,"href":"https:\/\/gregor.frystacko.cz\/index.php?rest_route=\/wp\/v2\/pages\/59\/revisions"}],"predecessor-version":[{"id":262,"href":"https:\/\/gregor.frystacko.cz\/index.php?rest_route=\/wp\/v2\/pages\/59\/revisions\/262"}],"wp:attachment":[{"href":"https:\/\/gregor.frystacko.cz\/index.php?rest_route=%2Fwp%2Fv2%2Fmedia&parent=59"}],"curies":[{"name":"wp","href":"https:\/\/api.w.org\/{rel}","templated":true}]}}